{"id":299,"date":"2018-11-10T22:54:58","date_gmt":"2018-11-10T20:54:58","guid":{"rendered":"https:\/\/ruukinkonepaja.fi\/?page_id=299"},"modified":"2020-10-28T11:27:55","modified_gmt":"2020-10-28T09:27:55","slug":"kellokosken-ruukki","status":"publish","type":"page","link":"https:\/\/ruukinkonepaja.fi\/?page_id=299","title":{"rendered":"Kellokosken ruukki"},"content":{"rendered":"\t\t<div data-elementor-type=\"wp-page\" data-elementor-id=\"299\" class=\"elementor elementor-299\" data-elementor-settings=\"[]\">\n\t\t\t\t\t\t<div class=\"elementor-inner\">\n\t\t\t\t\t\t\t<div class=\"elementor-section-wrap\">\n\t\t\t\t\t\t\t<section class=\"elementor-section elementor-top-section elementor-element elementor-element-fbf9f7b elementor-section-content-middle elementor-reverse-mobile elementor-section-stretched elementor-section-boxed elementor-section-height-default elementor-section-height-default\" data-id=\"fbf9f7b\" data-element_type=\"section\" data-settings=\"{&quot;stretch_section&quot;:&quot;section-stretched&quot;}\">\n\t\t\t\t\t\t<div class=\"elementor-container elementor-column-gap-no\">\n\t\t\t\t\t\t\t<div class=\"elementor-row\">\n\t\t\t\t\t<div class=\"elementor-column elementor-col-50 elementor-top-column elementor-element elementor-element-5aef8d3\" data-id=\"5aef8d3\" data-element_type=\"column\">\n\t\t\t<div class=\"elementor-column-wrap elementor-element-populated\">\n\t\t\t\t\t\t\t<div class=\"elementor-widget-wrap\">\n\t\t\t\t\t\t<div class=\"elementor-element elementor-element-0fc7df7 elementor-widget elementor-widget-heading\" data-id=\"0fc7df7\" data-element_type=\"widget\" data-widget_type=\"heading.default\">\n\t\t\t\t<div class=\"elementor-widget-container\">\n\t\t\t<h2 class=\"elementor-heading-title elementor-size-default\">Kellokosken Ruukki<\/h2>\t\t<\/div>\n\t\t\t\t<\/div>\n\t\t\t\t<div class=\"elementor-element elementor-element-d26b6ec elementor-widget elementor-widget-text-editor\" data-id=\"d26b6ec\" data-element_type=\"widget\" data-widget_type=\"text-editor.default\">\n\t\t\t\t<div class=\"elementor-widget-container\">\n\t\t\t\t\t<div class=\"elementor-text-editor elementor-clearfix\"><p>Kellokosken ruukki eli Kellokosken Tehdas Oy &#8211; Mariefors Bruk Ab toimi Tuusulassa vuodesta 1795 vuoteen 1963, ja se jalosti takkirautaa auroiksi, kirveiksi ja muiksi ty\u00f6kaluiksi. Loppuaikoina kuitenkin alumiini korvasi raudan ja maitotonkista tuli yhti\u00f6n p\u00e4\u00e4tuote. Yhti\u00f6n viimeinen toimitusjohtaja vuodesta 1927 oli Torsten Carlander-Reuterfelt.<\/p><p>Marieforsin ruukki on yksi maamme yhten\u00e4isist\u00e4 rautateollisuusalueista. Marieforssissa rakennusten toiminnallinen ryhmitys sek\u00e4 laajuus on s\u00e4ilynyt p\u00e4\u00e4piirteiss\u00e4\u00e4n samana kuin jo 1800-luvun alussa. Marieforsin vanhan ruukinkartanon p\u00e4\u00e4rakennuksessa ja kartanoalueella on Kellokosken sairaala, maan toinen piirimielisairaala, joka liittyy paitsi historiallisesti my\u00f6s maisemallisesti ruukkiin.<\/p><p>Marieforsin teollisuusrakennukset &#8211; p\u00e4\u00e4asiassa 1800-luvun lopulta ja 1900-luvun alkupuolelta &#8211; ovat syv\u00e4ss\u00e4 ja kapeassa jokilaaksossa. Kosken poikki johtava pato on korkea ja sen yl\u00e4puolella on suurehko patoallas. Padon yhteyteen on 1932-33 rakennettu voimalaitos.<\/p><p>Marieforsin ruukki on yksi maamme yhten\u00e4isist\u00e4 rautateollisuusalueista. Marieforsissa rakennusten toiminnallinen ryhmitys sek\u00e4 laajuus on s\u00e4ilynyt p\u00e4\u00e4piirteiss\u00e4\u00e4n samana kuin jo 1800-luvun alussa. Marieforsin vanhan ruukinkartanon p\u00e4\u00e4rakennuksessa ja kartanoalueella on Kellokosken sairaala, maan toinen piirimielisairaala, joka liittyy paitsi historiallisesti my\u00f6s maisemallisesti ruukkiin. Marieforsin teollisuusrakennukset &#8211; p\u00e4\u00e4asiassa 1800-luvun lopulta ja 1900-luvun alkupuolelta &#8211; ovat syv\u00e4ss\u00e4 ja kapeassa jokilaaksossa. Kosken poikki johtava pato on korkea ja sen yl\u00e4puolella on suurehko patoallas. Padon yhteyteen on 1932-33 rakennettu voimalaitos. Kosken it\u00e4rannalla on p\u00e4\u00e4osa ruukin tehdasrakennuksista, joiden rungon muodostavat kaksi joensuuntaista 1898-99 rakennettua punatiilist\u00e4 pitk\u00e4\u00e4 rakennusta. Kosken l\u00e4nsirannalla, hieman kauempana rantapenkereen p\u00e4\u00e4ll\u00e4, vanhempien tehdasrakennusten kaakkoispuolella, on komea funktionalistinen, betonirakenteinen, kolmikerroksinen meijeriastiatehdas ns. Lasipalatsi vuodelta 1938. &#8220;Lasipalatsin&#8221; ja muiden teollisuusrakennusten v\u00e4lill\u00e4 on ruukkimaiseman kannalta t\u00e4rke\u00e4 matalahko, p\u00e4\u00e4asiassa tiilinen rakennusrivi, jossa on mm. varastoja ja tinaamo. Ruukin vanhoissa rakennuksissa toimii pienteollisuusyrityksi\u00e4.<\/p><\/div>\n\t\t\t\t<\/div>\n\t\t\t\t<\/div>\n\t\t\t\t\t\t<\/div>\n\t\t\t\t\t<\/div>\n\t\t<\/div>\n\t\t\t\t<div class=\"elementor-column elementor-col-50 elementor-top-column elementor-element elementor-element-5c4787e\" data-id=\"5c4787e\" data-element_type=\"column\">\n\t\t\t<div class=\"elementor-column-wrap elementor-element-populated\">\n\t\t\t\t\t\t\t<div class=\"elementor-widget-wrap\">\n\t\t\t\t\t\t<div class=\"elementor-element elementor-element-d120091 elementor-widget elementor-widget-text-editor\" data-id=\"d120091\" data-element_type=\"widget\" data-widget_type=\"text-editor.default\">\n\t\t\t\t<div class=\"elementor-widget-container\">\n\t\t\t\t\t<div class=\"elementor-text-editor elementor-clearfix\"><p>Teollisuusrakennusten kaakkoispuolella rantapenkereen p\u00e4\u00e4ll\u00e4 sijaitsevat Marieforsin uudempi ruukinkartano ja konttorirakennus. Marieforsin muun rakennuskannan keskipisteen\u00e4 on hirsinen, taitekattoinen ruukinkirkko. Kirkon l\u00e4nsipuolella v\u00e4lj\u00e4n kent\u00e4n ymp\u00e4rill\u00e4 ovat ruukin ty\u00f6v\u00e4enasunnot. Kaikki s\u00e4ilyneet rakennukset ovat useammalle ruokakunnalle tarkoitettuja kasarmeja. Kellokosken nykyisen sairaalan alueella ei en\u00e4\u00e4 ole ruukin rakennuksia.&nbsp; &nbsp;<\/p><p>Kellokosken sairaala sijaitsee puistomaisessa ymp\u00e4rist\u00f6ss\u00e4 Keravanjoen it\u00e4rannalla, Kellokosken tehtaiden koillispuolella. Ruukinkartanon maille perustettu Kellokosken sairaala on maan toiseksi vanhin piirimielisairaala. Puistomaisessa ymp\u00e4rist\u00f6ss\u00e4 on sairaala- ja asuinrakennuksia eri vuosikymmenilt\u00e4, vanhin on Sebastian Gripenbergin suunnittelema, 1884 rakennettu kartanon kaksikerroksinen p\u00e4\u00e4rakennus, jota on 1915 laajennettu kaksikerroksisilla siivill\u00e4 ja korotettu 1930-luvulla. Sairaalamilj\u00f6\u00f6seen kuuluu my\u00f6s erilaisia maatilatalouteen liittyvi\u00e4 rakennuksia.<\/p><\/div>\n\t\t\t\t<\/div>\n\t\t\t\t<\/div>\n\t\t\t\t\t\t<\/div>\n\t\t\t\t\t<\/div>\n\t\t<\/div>\n\t\t\t\t\t\t\t\t<\/div>\n\t\t\t\t\t<\/div>\n\t\t<\/section>\n\t\t\t\t<section class=\"elementor-section elementor-top-section elementor-element elementor-element-6fbed6a elementor-section-stretched elementor-section-boxed elementor-section-height-default elementor-section-height-default\" data-id=\"6fbed6a\" data-element_type=\"section\" data-settings=\"{&quot;stretch_section&quot;:&quot;section-stretched&quot;}\">\n\t\t\t\t\t\t<div class=\"elementor-container elementor-column-gap-default\">\n\t\t\t\t\t\t\t<div class=\"elementor-row\">\n\t\t\t\t\t<div class=\"elementor-column elementor-col-100 elementor-top-column elementor-element elementor-element-2e4ca87\" data-id=\"2e4ca87\" data-element_type=\"column\">\n\t\t\t<div class=\"elementor-column-wrap elementor-element-populated\">\n\t\t\t\t\t\t\t<div class=\"elementor-widget-wrap\">\n\t\t\t\t\t\t<div class=\"elementor-element elementor-element-a368d93 elementor-widget elementor-widget-text-editor\" data-id=\"a368d93\" data-element_type=\"widget\" data-widget_type=\"text-editor.default\">\n\t\t\t\t<div class=\"elementor-widget-container\">\n\t\t\t\t\t<div class=\"elementor-text-editor elementor-clearfix\"><p><strong>Historia <\/strong><\/p><p>Toukokuussa 1795 vuorikollegio my\u00f6nsi kapteeni Lars Falckille luvan siirt\u00e4\u00e4 Forsbyn ruukista vasaran ja kaksi ahjoa Tuusulan Kellokoskelle. Jo samana vuonna Falck m\u00f6i ruukin privilegion sotakomissaari Lars Olof Nystenille, joka varsinaisesti rakensi Marieforsin ruukin.\u00a0<\/p><p>Ruukista muodostettiin osakeyhti\u00f6 Mariefors Bruks Aktiebolag 1865. Yhti\u00f6 teki vararikon 1880 ja se siirtyi Wolter Ramsayn omistukseen.\u00a0<\/p><p>Toimitusjohtaja C. F. Carlander ja insin\u00f6\u00f6ri Vilh. Peterzon siirsiv\u00e4t perustamansa rautatuotteita ja meijeriastioita valmistavan tehtaan vuokratiloista Bj\u00f6kbodan ruukilta Kellokoskelle 1896. Yhti\u00f6 valmisti rautatuotteita, meijeriastioita ja mm. alumiiniveneit\u00e4 aina 1960-luvulle, jolloin tehdas siirtyi Oy Fiskars Ab:n omistukseen. P\u00e4\u00e4tuotteiksi tulivat mm. tynnyrit ja j\u00e4tes\u00e4kkitelineet. 1980-luvun alkuun menness\u00e4 loppui teollinen toiminta laajemmassa mitassa Kellokoskella.<\/p><p>Valtio uudisti mielisairaanhoitoa 1800-luvun puoliv\u00e4list\u00e4 alkaen. Ensimm\u00e4inen piirimielisairaala perustettiin Harjavaltaan 1903. Uudellamaalla suunniteltiin sairaalan perustamista 1900-luvun vaihteesta alkaen. Paikaksi valittiin 1911 Marieforsin ruukista 1860-luvulla erotettu kartano, joka oli myynniss\u00e4. P\u00e4\u00e4rakennuksen katsottiin muutoksin ja laajennuksin sopivan tarkoitukseen. Rakentamisp\u00e4\u00e4t\u00f6s tehtiin 1913. Kartanon p\u00e4\u00e4rakennusta laajennettiin kaksikerroksisilla siivill\u00e4 ja sairaalaan saatiin 90 potilaspaikkaa. Vuosina 1930-31 rakennetun uuden p\u00e4\u00e4rakennuksen piirustukset laati E.A.Kranck, joka suunnitteli hoitorakennuksia my\u00f6s 1910-luvulla. Viisikerroksinen asuin- ja talousrakennus rakennettiin 1935-36. Lis\u00e4ksi 1930-luvulla alueelle rakennettiin konttori sek\u00e4 l\u00e4\u00e4k\u00e4rien asuintaloja arkkitehti Toivo J\u00e4ntin suunnitelmin. Henkil\u00f6kunnan asuinkerrostalo on 1950-luvulta.<\/p><p>L\u00e4hde: Museovirasto \/ wikipedia<\/p><\/div>\n\t\t\t\t<\/div>\n\t\t\t\t<\/div>\n\t\t\t\t\t\t<\/div>\n\t\t\t\t\t<\/div>\n\t\t<\/div>\n\t\t\t\t\t\t\t\t<\/div>\n\t\t\t\t\t<\/div>\n\t\t<\/section>\n\t\t\t\t\t\t<\/div>\n\t\t\t\t\t\t<\/div>\n\t\t\t\t\t<\/div>\n\t\t","protected":false},"excerpt":{"rendered":"<p>Kellokosken Ruukki Kellokosken ruukki eli Kellokosken Tehdas Oy &#8211; Mariefors Bruk Ab toimi Tuusulassa vuodesta 1795 vuoteen 1963, ja se jalosti takkirautaa auroiksi, kirveiksi ja muiksi ty\u00f6kaluiksi. Loppuaikoina kuitenkin alumiini korvasi raudan ja maitotonkista tuli yhti\u00f6n p\u00e4\u00e4tuote. Yhti\u00f6n viimeinen toimitusjohtaja vuodesta 1927 oli Torsten Carlander-Reuterfelt. Marieforsin ruukki on yksi maamme yhten\u00e4isist\u00e4 rautateollisuusalueista. Marieforssissa rakennusten toiminnallinen [&hellip;]<\/p>\n","protected":false},"author":1,"featured_media":0,"parent":0,"menu_order":0,"comment_status":"closed","ping_status":"closed","template":"","meta":[],"_links":{"self":[{"href":"https:\/\/ruukinkonepaja.fi\/index.php?rest_route=\/wp\/v2\/pages\/299"}],"collection":[{"href":"https:\/\/ruukinkonepaja.fi\/index.php?rest_route=\/wp\/v2\/pages"}],"about":[{"href":"https:\/\/ruukinkonepaja.fi\/index.php?rest_route=\/wp\/v2\/types\/page"}],"author":[{"embeddable":true,"href":"https:\/\/ruukinkonepaja.fi\/index.php?rest_route=\/wp\/v2\/users\/1"}],"replies":[{"embeddable":true,"href":"https:\/\/ruukinkonepaja.fi\/index.php?rest_route=%2Fwp%2Fv2%2Fcomments&post=299"}],"version-history":[{"count":65,"href":"https:\/\/ruukinkonepaja.fi\/index.php?rest_route=\/wp\/v2\/pages\/299\/revisions"}],"predecessor-version":[{"id":1181,"href":"https:\/\/ruukinkonepaja.fi\/index.php?rest_route=\/wp\/v2\/pages\/299\/revisions\/1181"}],"wp:attachment":[{"href":"https:\/\/ruukinkonepaja.fi\/index.php?rest_route=%2Fwp%2Fv2%2Fmedia&parent=299"}],"curies":[{"name":"wp","href":"https:\/\/api.w.org\/{rel}","templated":true}]}}