{"id":305,"date":"2018-11-10T22:57:22","date_gmt":"2018-11-10T20:57:22","guid":{"rendered":"https:\/\/ruukinkonepaja.fi\/?page_id=305"},"modified":"2020-11-11T16:31:57","modified_gmt":"2020-11-11T14:31:57","slug":"taonta-ja-restaurointipalvelut","status":"publish","type":"page","link":"https:\/\/ruukinkonepaja.fi\/?page_id=305","title":{"rendered":"Taonta- ja restaurointipalvelut"},"content":{"rendered":"\t\t<div data-elementor-type=\"wp-post\" data-elementor-id=\"305\" class=\"elementor elementor-305\" data-elementor-settings=\"[]\">\n\t\t\t\t\t\t<div class=\"elementor-inner\">\n\t\t\t\t\t\t\t<div class=\"elementor-section-wrap\">\n\t\t\t\t\t\t\t<section class=\"elementor-section elementor-top-section elementor-element elementor-element-980f2c2 elementor-section-content-middle elementor-section-stretched elementor-section-boxed elementor-section-height-default elementor-section-height-default\" data-id=\"980f2c2\" data-element_type=\"section\" data-settings=\"{&quot;stretch_section&quot;:&quot;section-stretched&quot;}\">\n\t\t\t\t\t\t<div class=\"elementor-container elementor-column-gap-no\">\n\t\t\t\t\t\t\t<div class=\"elementor-row\">\n\t\t\t\t\t<div class=\"elementor-column elementor-col-50 elementor-top-column elementor-element elementor-element-9690ce9\" data-id=\"9690ce9\" data-element_type=\"column\">\n\t\t\t<div class=\"elementor-column-wrap elementor-element-populated\">\n\t\t\t\t\t\t\t<div class=\"elementor-widget-wrap\">\n\t\t\t\t\t\t<div class=\"elementor-element elementor-element-4f148c5 elementor-widget elementor-widget-heading\" data-id=\"4f148c5\" data-element_type=\"widget\" data-widget_type=\"heading.default\">\n\t\t\t\t<div class=\"elementor-widget-container\">\n\t\t\t<h2 class=\"elementor-heading-title elementor-size-default\">Taonta- ja restaurointipalvelut<\/h2>\t\t<\/div>\n\t\t\t\t<\/div>\n\t\t\t\t<div class=\"elementor-element elementor-element-b1b7912 elementor-widget elementor-widget-text-editor\" data-id=\"b1b7912\" data-element_type=\"widget\" data-widget_type=\"text-editor.default\">\n\t\t\t\t<div class=\"elementor-widget-container\">\n\t\t\t\t\t<div class=\"elementor-text-editor elementor-clearfix\"><p>Taontapalvelut pystymme toteuttamaan idyllisess\u00e4 Kellokosken ruukin ymp\u00e4rist\u00f6ss\u00e4, jossa yrityksen omat tilat sijaitsevat. Takomalla voimme valmistaa esimerkiksi portteja ja kaiteita, yrityslahjoja ja hautamuistomerkkej\u00e4. Konekantaamme\u00a0 kuuluvat mm. konevasarat 16kg, 50 kg ja 80 kg sek\u00e4 Birn-kitkapuristin.<\/p><p>Korjaamme vanhoja rautaristej\u00e4 ja portteja. Taottujen ja valurautaisten osien korjaukset takomalla, hitsaamalla tai esimerkiksi valamalla ja juottamalla.<\/p><\/div>\n\t\t\t\t<\/div>\n\t\t\t\t<\/div>\n\t\t\t\t\t\t<\/div>\n\t\t\t\t\t<\/div>\n\t\t<\/div>\n\t\t\t\t<div class=\"elementor-column elementor-col-50 elementor-top-column elementor-element elementor-element-207ce63\" data-id=\"207ce63\" data-element_type=\"column\">\n\t\t\t<div class=\"elementor-column-wrap elementor-element-populated\">\n\t\t\t\t\t\t\t<div class=\"elementor-widget-wrap\">\n\t\t\t\t\t\t\t\t<\/div>\n\t\t\t\t\t<\/div>\n\t\t<\/div>\n\t\t\t\t\t\t\t\t<\/div>\n\t\t\t\t\t<\/div>\n\t\t<\/section>\n\t\t\t\t\t\t<\/div>\n\t\t\t\t\t\t<\/div>\n\t\t\t\t\t<\/div>\n\t\t","protected":false},"excerpt":{"rendered":"<p>Taonta- ja restaurointipalvelut Taontapalvelut pystymme toteuttamaan idyllisess\u00e4 Kellokosken ruukin ymp\u00e4rist\u00f6ss\u00e4, jossa yrityksen omat tilat sijaitsevat. Takomalla voimme valmistaa esimerkiksi portteja ja kaiteita, yrityslahjoja ja hautamuistomerkkej\u00e4. Konekantaamme\u00a0 kuuluvat mm. konevasarat 16kg, 50 kg ja 80 kg sek\u00e4 Birn-kitkapuristin. Korjaamme vanhoja rautaristej\u00e4 ja portteja. Taottujen ja valurautaisten osien korjaukset takomalla, hitsaamalla tai esimerkiksi valamalla ja juottamalla.<\/p>\n","protected":false},"author":1,"featured_media":0,"parent":0,"menu_order":0,"comment_status":"closed","ping_status":"closed","template":"","meta":[],"_links":{"self":[{"href":"https:\/\/ruukinkonepaja.fi\/index.php?rest_route=\/wp\/v2\/pages\/305"}],"collection":[{"href":"https:\/\/ruukinkonepaja.fi\/index.php?rest_route=\/wp\/v2\/pages"}],"about":[{"href":"https:\/\/ruukinkonepaja.fi\/index.php?rest_route=\/wp\/v2\/types\/page"}],"author":[{"embeddable":true,"href":"https:\/\/ruukinkonepaja.fi\/index.php?rest_route=\/wp\/v2\/users\/1"}],"replies":[{"embeddable":true,"href":"https:\/\/ruukinkonepaja.fi\/index.php?rest_route=%2Fwp%2Fv2%2Fcomments&post=305"}],"version-history":[{"count":47,"href":"https:\/\/ruukinkonepaja.fi\/index.php?rest_route=\/wp\/v2\/pages\/305\/revisions"}],"predecessor-version":[{"id":1280,"href":"https:\/\/ruukinkonepaja.fi\/index.php?rest_route=\/wp\/v2\/pages\/305\/revisions\/1280"}],"wp:attachment":[{"href":"https:\/\/ruukinkonepaja.fi\/index.php?rest_route=%2Fwp%2Fv2%2Fmedia&parent=305"}],"curies":[{"name":"wp","href":"https:\/\/api.w.org\/{rel}","templated":true}]}}