{"id":307,"date":"2018-11-10T22:57:48","date_gmt":"2018-11-10T20:57:48","guid":{"rendered":"https:\/\/ruukinkonepaja.fi\/?page_id=307"},"modified":"2020-11-11T16:35:23","modified_gmt":"2020-11-11T14:35:23","slug":"3d-suunnittelu","status":"publish","type":"page","link":"https:\/\/ruukinkonepaja.fi\/?page_id=307","title":{"rendered":"Tuotesuunnittelu ja valmistus"},"content":{"rendered":"\t\t<div data-elementor-type=\"wp-page\" data-elementor-id=\"307\" class=\"elementor elementor-307\" data-elementor-settings=\"[]\">\n\t\t\t\t\t\t<div class=\"elementor-inner\">\n\t\t\t\t\t\t\t<div class=\"elementor-section-wrap\">\n\t\t\t\t\t\t\t<section class=\"elementor-section elementor-top-section elementor-element elementor-element-af0d064 elementor-section-boxed elementor-section-height-default elementor-section-height-default\" data-id=\"af0d064\" data-element_type=\"section\">\n\t\t\t\t\t\t<div class=\"elementor-container elementor-column-gap-default\">\n\t\t\t\t\t\t\t<div class=\"elementor-row\">\n\t\t\t\t\t<div class=\"elementor-column elementor-col-50 elementor-top-column elementor-element elementor-element-68ecca3\" data-id=\"68ecca3\" data-element_type=\"column\">\n\t\t\t<div class=\"elementor-column-wrap elementor-element-populated\">\n\t\t\t\t\t\t\t<div class=\"elementor-widget-wrap\">\n\t\t\t\t\t\t<div class=\"elementor-element elementor-element-ac96068 elementor-widget elementor-widget-heading\" data-id=\"ac96068\" data-element_type=\"widget\" data-widget_type=\"heading.default\">\n\t\t\t\t<div class=\"elementor-widget-container\">\n\t\t\t<h2 class=\"elementor-heading-title elementor-size-default\">Tuotesuunnittelu ja valmistus<\/h2>\t\t<\/div>\n\t\t\t\t<\/div>\n\t\t\t\t<div class=\"elementor-element elementor-element-1a0701b elementor-widget elementor-widget-text-editor\" data-id=\"1a0701b\" data-element_type=\"widget\" data-widget_type=\"text-editor.default\">\n\t\t\t\t<div class=\"elementor-widget-container\">\n\t\t\t\t\t<div class=\"elementor-text-editor elementor-clearfix\"><p>Tarvitsetko teett\u00e4\u00e4 uniikin tuotteen tai oletko vailla suunnitteluapua? Haluaisitko\u00a0 teett\u00e4\u00e4 tuotteestasi prototyypin tai ehk\u00e4 parantaa omaa tuotantoasi?<\/p><p>Ota yhteytt\u00e4 Ruukin konepajaan ja mietit\u00e4\u00e4n yhdess\u00e4 ratkaisu sinun tarpeisiin.<\/p><\/div>\n\t\t\t\t<\/div>\n\t\t\t\t<\/div>\n\t\t\t\t\t\t<\/div>\n\t\t\t\t\t<\/div>\n\t\t<\/div>\n\t\t\t\t<div class=\"elementor-column elementor-col-50 elementor-top-column elementor-element elementor-element-c060d26\" data-id=\"c060d26\" data-element_type=\"column\">\n\t\t\t<div class=\"elementor-column-wrap elementor-element-populated\">\n\t\t\t\t\t\t\t<div class=\"elementor-widget-wrap\">\n\t\t\t\t\t\t<div class=\"elementor-element elementor-element-3db6210 elementor-widget elementor-widget-shortcode\" data-id=\"3db6210\" data-element_type=\"widget\" data-widget_type=\"shortcode.default\">\n\t\t\t\t<div class=\"elementor-widget-container\">\n\t\t\t\t\t<div class=\"elementor-shortcode\"><\/div>\n\t\t\t\t<\/div>\n\t\t\t\t<\/div>\n\t\t\t\t<div class=\"elementor-element elementor-element-f9731c5 elementor-aspect-ratio-169 elementor-widget elementor-widget-video\" data-id=\"f9731c5\" data-element_type=\"widget\" data-settings=\"{&quot;youtube_url&quot;:&quot;https:\\\/\\\/www.youtube.com\\\/watch?v=kGvzsxCYfz0&amp;feature=youtu.be&quot;,&quot;video_type&quot;:&quot;youtube&quot;,&quot;controls&quot;:&quot;yes&quot;,&quot;aspect_ratio&quot;:&quot;169&quot;}\" data-widget_type=\"video.default\">\n\t\t\t\t<div class=\"elementor-widget-container\">\n\t\t\t\t\t<div class=\"elementor-wrapper elementor-fit-aspect-ratio elementor-open-inline\">\n\t\t\t<div class=\"elementor-video\"><\/div>\t\t<\/div>\n\t\t\t\t<\/div>\n\t\t\t\t<\/div>\n\t\t\t\t\t\t<\/div>\n\t\t\t\t\t<\/div>\n\t\t<\/div>\n\t\t\t\t\t\t\t\t<\/div>\n\t\t\t\t\t<\/div>\n\t\t<\/section>\n\t\t\t\t\t\t<\/div>\n\t\t\t\t\t\t<\/div>\n\t\t\t\t\t<\/div>\n\t\t","protected":false},"excerpt":{"rendered":"<p>Tuotesuunnittelu ja valmistus Tarvitsetko teett\u00e4\u00e4 uniikin tuotteen tai oletko vailla suunnitteluapua? Haluaisitko\u00a0 teett\u00e4\u00e4 tuotteestasi prototyypin tai ehk\u00e4 parantaa omaa tuotantoasi? Ota yhteytt\u00e4 Ruukin konepajaan ja mietit\u00e4\u00e4n yhdess\u00e4 ratkaisu sinun tarpeisiin. https:\/\/www.youtube.com\/watch?v=kGvzsxCYfz0&#038;feature=youtu.be<\/p>\n","protected":false},"author":1,"featured_media":0,"parent":0,"menu_order":0,"comment_status":"closed","ping_status":"closed","template":"","meta":[],"_links":{"self":[{"href":"https:\/\/ruukinkonepaja.fi\/index.php?rest_route=\/wp\/v2\/pages\/307"}],"collection":[{"href":"https:\/\/ruukinkonepaja.fi\/index.php?rest_route=\/wp\/v2\/pages"}],"about":[{"href":"https:\/\/ruukinkonepaja.fi\/index.php?rest_route=\/wp\/v2\/types\/page"}],"author":[{"embeddable":true,"href":"https:\/\/ruukinkonepaja.fi\/index.php?rest_route=\/wp\/v2\/users\/1"}],"replies":[{"embeddable":true,"href":"https:\/\/ruukinkonepaja.fi\/index.php?rest_route=%2Fwp%2Fv2%2Fcomments&post=307"}],"version-history":[{"count":8,"href":"https:\/\/ruukinkonepaja.fi\/index.php?rest_route=\/wp\/v2\/pages\/307\/revisions"}],"predecessor-version":[{"id":1283,"href":"https:\/\/ruukinkonepaja.fi\/index.php?rest_route=\/wp\/v2\/pages\/307\/revisions\/1283"}],"wp:attachment":[{"href":"https:\/\/ruukinkonepaja.fi\/index.php?rest_route=%2Fwp%2Fv2%2Fmedia&parent=307"}],"curies":[{"name":"wp","href":"https:\/\/api.w.org\/{rel}","templated":true}]}}