{"id":881,"date":"2020-06-08T13:04:14","date_gmt":"2020-06-08T10:04:14","guid":{"rendered":"https:\/\/ruukinkonepaja.fi\/?page_id=881"},"modified":"2020-11-11T16:31:12","modified_gmt":"2020-11-11T14:31:12","slug":"tyokalut-ja-koneet","status":"publish","type":"page","link":"https:\/\/ruukinkonepaja.fi\/?page_id=881","title":{"rendered":"Ty\u00f6kalut ja koneet"},"content":{"rendered":"\t\t<div data-elementor-type=\"wp-page\" data-elementor-id=\"881\" class=\"elementor elementor-881\" data-elementor-settings=\"[]\">\n\t\t\t\t\t\t<div class=\"elementor-inner\">\n\t\t\t\t\t\t\t<div class=\"elementor-section-wrap\">\n\t\t\t\t\t\t\t<section class=\"elementor-section elementor-top-section elementor-element elementor-element-35de183 elementor-section-boxed elementor-section-height-default elementor-section-height-default\" data-id=\"35de183\" data-element_type=\"section\" data-settings=\"{&quot;background_background&quot;:&quot;classic&quot;}\">\n\t\t\t\t\t\t<div class=\"elementor-container elementor-column-gap-default\">\n\t\t\t\t\t\t\t<div class=\"elementor-row\">\n\t\t\t\t\t<div class=\"elementor-column elementor-col-50 elementor-top-column elementor-element elementor-element-bafe873\" data-id=\"bafe873\" data-element_type=\"column\" data-settings=\"{&quot;background_background&quot;:&quot;classic&quot;}\">\n\t\t\t<div class=\"elementor-column-wrap elementor-element-populated\">\n\t\t\t\t\t\t\t<div class=\"elementor-widget-wrap\">\n\t\t\t\t\t\t<div class=\"elementor-element elementor-element-b695d52 elementor-widget elementor-widget-spacer\" data-id=\"b695d52\" data-element_type=\"widget\" data-widget_type=\"spacer.default\">\n\t\t\t\t<div class=\"elementor-widget-container\">\n\t\t\t\t\t<div class=\"elementor-spacer\">\n\t\t\t<div class=\"elementor-spacer-inner\"><\/div>\n\t\t<\/div>\n\t\t\t\t<\/div>\n\t\t\t\t<\/div>\n\t\t\t\t<div class=\"elementor-element elementor-element-e2d04bc elementor-widget elementor-widget-heading\" data-id=\"e2d04bc\" data-element_type=\"widget\" data-widget_type=\"heading.default\">\n\t\t\t\t<div class=\"elementor-widget-container\">\n\t\t\t<h2 class=\"elementor-heading-title elementor-size-default\">Ty\u00f6kalut ja koneet<\/h2>\t\t<\/div>\n\t\t\t\t<\/div>\n\t\t\t\t<div class=\"elementor-element elementor-element-d085b87 elementor-widget elementor-widget-text-editor\" data-id=\"d085b87\" data-element_type=\"widget\" data-widget_type=\"text-editor.default\">\n\t\t\t\t<div class=\"elementor-widget-container\">\n\t\t\t\t\t<div class=\"elementor-text-editor elementor-clearfix\"><p>Arctic tools on kone- ja ty\u00f6kalukauppamme.<\/p>\n<p>Meilt\u00e4 saat parhaat ty\u00f6kalut ja koneet. Myymme tuotteita, joita itse testaamme ja k\u00e4yt\u00e4mme.<\/p>\n<p>Oma myynti- ja tuotantotilamme sijaitsee J\u00e4rvenp\u00e4\u00e4ss\u00e4 W\u00e4rtsil\u00e4n teollisuusalueella Ahertajankuja 10:ss\u00e4.&nbsp;&nbsp;<\/p>\n<p>Siirry t\u00e4st\u00e4 Arctic Toolsin kotisivuille: &nbsp; <strong><em><a style=\"font-size: 16px; background-color: rgba(255, 255, 255, 0.95);\" href=\"http:\/\/www.arctictools.fi\">www.arctictools.fi<\/a><\/em><\/strong><\/p><\/div>\n\t\t\t\t<\/div>\n\t\t\t\t<\/div>\n\t\t\t\t\t\t<\/div>\n\t\t\t\t\t<\/div>\n\t\t<\/div>\n\t\t\t\t<div class=\"elementor-column elementor-col-50 elementor-top-column elementor-element elementor-element-f609aaa\" data-id=\"f609aaa\" data-element_type=\"column\">\n\t\t\t<div class=\"elementor-column-wrap elementor-element-populated\">\n\t\t\t\t\t\t\t<div class=\"elementor-widget-wrap\">\n\t\t\t\t\t\t<div class=\"elementor-element elementor-element-15a4933 elementor-widget elementor-widget-spacer\" data-id=\"15a4933\" data-element_type=\"widget\" data-widget_type=\"spacer.default\">\n\t\t\t\t<div class=\"elementor-widget-container\">\n\t\t\t\t\t<div class=\"elementor-spacer\">\n\t\t\t<div class=\"elementor-spacer-inner\"><\/div>\n\t\t<\/div>\n\t\t\t\t<\/div>\n\t\t\t\t<\/div>\n\t\t\t\t<div class=\"elementor-element elementor-element-a6fc27b elementor-widget elementor-widget-shortcode\" data-id=\"a6fc27b\" data-element_type=\"widget\" data-widget_type=\"shortcode.default\">\n\t\t\t\t<div class=\"elementor-widget-container\">\n\t\t\t\t\t<div class=\"elementor-shortcode\"><\/div>\n\t\t\t\t<\/div>\n\t\t\t\t<\/div>\n\t\t\t\t\t\t<\/div>\n\t\t\t\t\t<\/div>\n\t\t<\/div>\n\t\t\t\t\t\t\t\t<\/div>\n\t\t\t\t\t<\/div>\n\t\t<\/section>\n\t\t\t\t<section class=\"elementor-section elementor-top-section elementor-element elementor-element-44f583c elementor-section-boxed elementor-section-height-default elementor-section-height-default\" data-id=\"44f583c\" data-element_type=\"section\">\n\t\t\t\t\t\t<div class=\"elementor-container elementor-column-gap-default\">\n\t\t\t\t\t\t\t<div class=\"elementor-row\">\n\t\t\t\t\t<div class=\"elementor-column elementor-col-100 elementor-top-column elementor-element elementor-element-96f86af\" data-id=\"96f86af\" data-element_type=\"column\">\n\t\t\t<div class=\"elementor-column-wrap\">\n\t\t\t\t\t\t\t<div class=\"elementor-widget-wrap\">\n\t\t\t\t\t\t\t\t<\/div>\n\t\t\t\t\t<\/div>\n\t\t<\/div>\n\t\t\t\t\t\t\t\t<\/div>\n\t\t\t\t\t<\/div>\n\t\t<\/section>\n\t\t\t\t\t\t<\/div>\n\t\t\t\t\t\t<\/div>\n\t\t\t\t\t<\/div>\n\t\t","protected":false},"excerpt":{"rendered":"<p>Ty\u00f6kalut ja koneet Arctic tools on kone- ja ty\u00f6kalukauppamme. Meilt\u00e4 saat parhaat ty\u00f6kalut ja koneet. Myymme tuotteita, joita itse testaamme ja k\u00e4yt\u00e4mme. Oma myynti- ja tuotantotilamme sijaitsee J\u00e4rvenp\u00e4\u00e4ss\u00e4 W\u00e4rtsil\u00e4n teollisuusalueella Ahertajankuja 10:ss\u00e4.&nbsp;&nbsp; Siirry t\u00e4st\u00e4 Arctic Toolsin kotisivuille: &nbsp; www.arctictools.fi<\/p>\n","protected":false},"author":1,"featured_media":0,"parent":0,"menu_order":0,"comment_status":"closed","ping_status":"closed","template":"","meta":[],"_links":{"self":[{"href":"https:\/\/ruukinkonepaja.fi\/index.php?rest_route=\/wp\/v2\/pages\/881"}],"collection":[{"href":"https:\/\/ruukinkonepaja.fi\/index.php?rest_route=\/wp\/v2\/pages"}],"about":[{"href":"https:\/\/ruukinkonepaja.fi\/index.php?rest_route=\/wp\/v2\/types\/page"}],"author":[{"embeddable":true,"href":"https:\/\/ruukinkonepaja.fi\/index.php?rest_route=\/wp\/v2\/users\/1"}],"replies":[{"embeddable":true,"href":"https:\/\/ruukinkonepaja.fi\/index.php?rest_route=%2Fwp%2Fv2%2Fcomments&post=881"}],"version-history":[{"count":41,"href":"https:\/\/ruukinkonepaja.fi\/index.php?rest_route=\/wp\/v2\/pages\/881\/revisions"}],"predecessor-version":[{"id":1279,"href":"https:\/\/ruukinkonepaja.fi\/index.php?rest_route=\/wp\/v2\/pages\/881\/revisions\/1279"}],"wp:attachment":[{"href":"https:\/\/ruukinkonepaja.fi\/index.php?rest_route=%2Fwp%2Fv2%2Fmedia&parent=881"}],"curies":[{"name":"wp","href":"https:\/\/api.w.org\/{rel}","templated":true}]}}